{"id":756,"date":"2019-07-19T11:57:27","date_gmt":"2019-07-19T17:57:27","guid":{"rendered":"https:\/\/ugit.siua.ac.cr\/?page_id=756"},"modified":"2021-08-31T09:02:07","modified_gmt":"2021-08-31T15:02:07","slug":"hola","status":"publish","type":"page","link":"https:\/\/sada.services\/?page_id=756","title":{"rendered":"Desarrollo Software"},"content":{"rendered":"\n<p>Bienvenido gracias por su interes, en esta secci\u00f3n usted podr\u00e1 encontrar informaci\u00f3n importante sobre del desarrollo de software dentro de la Sede Interuniversitaria de Alajuela (SIUA), por parte de la Unidad de Gesti\u00f3n e Innnovaci\u00f3n Tecnol\u00f3gica (UGIT).<\/p>\n\n\n\n<h2 class=\"wp-block-heading\">Documentos de API P\u00fablico:<\/h2>\n\n\n\n<figure class=\"wp-block-table is-style-regular\"><table class=\"has-background\" style=\"background-color:#f3f4f5\"><tbody><tr><td><strong>Nombre<\/strong><\/td><td><strong>Descargar<\/strong><\/td><td><strong>P\u00e1gina<\/strong><\/td><\/tr><tr><td>API p\u00fablico: Versionamiento sem\u00e1ntico<\/td><td><a href=\"\/wp-content\/uploads\/2019\/07\/UGIT.API_.VS-1.0.0.docx\">UGIT.API.VS-1.0.0<\/a><\/td><td><a href=\"\/?page_id=766\" target=\"_blank\" rel=\"noreferrer noopener\" aria-label=\"visitar (abre en una nueva pesta\u00f1a)\">visitar<\/a><\/td><\/tr><tr><td>API p\u00fablico: Sistema de Etiquetas<\/td><td><a href=\"\/wp-content\/uploads\/2019\/07\/UGIT.API_.SE-1.0.0.docx\">UGIT.API.SE-1.0.0<\/a><\/td><td>visitar<\/td><\/tr><\/tbody><\/table><\/figure>\n\n\n\n<h2 class=\"wp-block-heading\">Documentos de solicitud de acceso a sistema:<\/h2>\n\n\n\n<figure class=\"wp-block-table is-style-regular\"><table class=\"has-background\" style=\"background-color:#f3f4f5\"><tbody><tr><td><strong>Nombre<\/strong><\/td><td><strong>Descargar<\/strong><\/td><td><strong>P\u00e1gina<\/strong><\/td><\/tr><tr><td>SAE-INVENTARIO: Formulario Solicitud Ingreso<\/td><td><a href=\"\/wp-content\/uploads\/2020\/11\/SAE-INVENTARIO_FORSOLING-1.0.1.docx\">SAE-INVENTARIO_FORSOLING-1.0.1<\/a><\/td><td>visitar<\/td><\/tr><\/tbody><\/table><\/figure>\n\n\n\n<h2 class=\"wp-block-heading\">Documentos de importaci\u00f3n de datos a sistema existente:<\/h2>\n\n\n\n<figure class=\"wp-block-table is-style-regular\"><table class=\"has-background\" style=\"background-color:#f3f4f5\"><tbody><tr><td><strong>Nombre<\/strong><\/td><td><strong>Descargar<\/strong><\/td><td><strong>P\u00e1gina<\/strong><\/td><\/tr><tr><td>INFORMECURSOSUNA: importar informes<\/td><td><a href=\"\/wp-content\/uploads\/2021\/08\/sit_informecursosuna_informes.csv\">Importar Informes Cursos UNA<\/a><\/td><td>visitar<\/td><\/tr><\/tbody><\/table><\/figure>\n","protected":false},"excerpt":{"rendered":"<p>Bienvenido gracias por su interes, en esta secci\u00f3n usted podr\u00e1 encontrar informaci\u00f3n importante sobre del desarrollo de software dentro de la Sede Interuniversitaria de Alajuela (SIUA), por parte de la Unidad de Gesti\u00f3n e Innnovaci\u00f3n Tecnol\u00f3gica (UGIT). Documentos de API P\u00fablico: Nombre Descargar P\u00e1gina API p\u00fablico: Versionamiento sem\u00e1ntico UGIT.API.VS-1.0.0 visitar API p\u00fablico: Sistema de Etiquetas [&hellip;]<\/p>\n","protected":false},"author":2,"featured_media":0,"parent":0,"menu_order":0,"comment_status":"closed","ping_status":"closed","template":"template-fullwidth.php","meta":{"footnotes":""},"class_list":["post-756","page","type-page","status-publish","hentry"],"blocksy_meta":{"styles_descriptor":{"styles":{"desktop":"","tablet":"","mobile":""},"google_fonts":[],"version":6}},"_links":{"self":[{"href":"https:\/\/sada.services\/index.php?rest_route=\/wp\/v2\/pages\/756","targetHints":{"allow":["GET"]}}],"collection":[{"href":"https:\/\/sada.services\/index.php?rest_route=\/wp\/v2\/pages"}],"about":[{"href":"https:\/\/sada.services\/index.php?rest_route=\/wp\/v2\/types\/page"}],"author":[{"embeddable":true,"href":"https:\/\/sada.services\/index.php?rest_route=\/wp\/v2\/users\/2"}],"replies":[{"embeddable":true,"href":"https:\/\/sada.services\/index.php?rest_route=%2Fwp%2Fv2%2Fcomments&post=756"}],"version-history":[{"count":16,"href":"https:\/\/sada.services\/index.php?rest_route=\/wp\/v2\/pages\/756\/revisions"}],"predecessor-version":[{"id":5241,"href":"https:\/\/sada.services\/index.php?rest_route=\/wp\/v2\/pages\/756\/revisions\/5241"}],"wp:attachment":[{"href":"https:\/\/sada.services\/index.php?rest_route=%2Fwp%2Fv2%2Fmedia&parent=756"}],"curies":[{"name":"wp","href":"https:\/\/api.w.org\/{rel}","templated":true}]}}